{"id":33,"date":"2022-03-28T19:31:33","date_gmt":"2022-03-28T10:31:33","guid":{"rendered":"https:\/\/www.aura-girasol.com\/?page_id=33"},"modified":"2022-11-29T23:41:22","modified_gmt":"2022-11-29T14:41:22","slug":"%e3%83%9b%e3%83%bc%e3%83%a0%e3%83%88%e3%83%83%e3%83%97","status":"publish","type":"page","link":"https:\/\/www.aura-girasol.com\/","title":{"rendered":"\u30db\u30fc\u30e0\u30c8\u30c3\u30d7"},"content":{"rendered":"\n<div style=\"height:16px\" aria-hidden=\"true\" class=\"wp-block-spacer\"><\/div>\n\n\n\n<figure class=\"wp-block-image alignwide size-large\"><img loading=\"lazy\" decoding=\"async\" width=\"1024\" height=\"81\" src=\"https:\/\/www.aura-girasol.com\/wp-content\/uploads\/2022\/10\/\u6700\u65b0\u30d6\u30ed\u30b0\u30fb\u304a\u77e5\u3089\u305b-1024x81.png\" alt=\"\" class=\"wp-image-142\" srcset=\"https:\/\/www.aura-girasol.com\/wp-content\/uploads\/2022\/10\/\u6700\u65b0\u30d6\u30ed\u30b0\u30fb\u304a\u77e5\u3089\u305b-1024x81.png 1024w, https:\/\/www.aura-girasol.com\/wp-content\/uploads\/2022\/10\/\u6700\u65b0\u30d6\u30ed\u30b0\u30fb\u304a\u77e5\u3089\u305b-300x24.png 300w, https:\/\/www.aura-girasol.com\/wp-content\/uploads\/2022\/10\/\u6700\u65b0\u30d6\u30ed\u30b0\u30fb\u304a\u77e5\u3089\u305b-768x61.png 768w, https:\/\/www.aura-girasol.com\/wp-content\/uploads\/2022\/10\/\u6700\u65b0\u30d6\u30ed\u30b0\u30fb\u304a\u77e5\u3089\u305b-1536x121.png 1536w, https:\/\/www.aura-girasol.com\/wp-content\/uploads\/2022\/10\/\u6700\u65b0\u30d6\u30ed\u30b0\u30fb\u304a\u77e5\u3089\u305b.png 1900w\" sizes=\"auto, (max-width: 1024px) 100vw, 1024px\" \/><\/figure>\n\n\n<ul class=\"wp-block-latest-posts__list wp-block-latest-posts\"><li><a class=\"wp-block-latest-posts__post-title\" href=\"https:\/\/www.aura-girasol.com\/?p=1\">Hello world!<\/a><\/li>\n<\/ul>\n\n\n<figure class=\"wp-block-image alignwide size-large\"><img loading=\"lazy\" decoding=\"async\" width=\"1024\" height=\"81\" src=\"https:\/\/www.aura-girasol.com\/wp-content\/uploads\/2022\/10\/\u30b5\u30ed\u30f3\u30b3\u30f3\u30bb\u30d7\u30c8-1024x81.png\" alt=\"\" class=\"wp-image-145\" srcset=\"https:\/\/www.aura-girasol.com\/wp-content\/uploads\/2022\/10\/\u30b5\u30ed\u30f3\u30b3\u30f3\u30bb\u30d7\u30c8-1024x81.png 1024w, https:\/\/www.aura-girasol.com\/wp-content\/uploads\/2022\/10\/\u30b5\u30ed\u30f3\u30b3\u30f3\u30bb\u30d7\u30c8-300x24.png 300w, https:\/\/www.aura-girasol.com\/wp-content\/uploads\/2022\/10\/\u30b5\u30ed\u30f3\u30b3\u30f3\u30bb\u30d7\u30c8-768x61.png 768w, https:\/\/www.aura-girasol.com\/wp-content\/uploads\/2022\/10\/\u30b5\u30ed\u30f3\u30b3\u30f3\u30bb\u30d7\u30c8-1536x121.png 1536w, https:\/\/www.aura-girasol.com\/wp-content\/uploads\/2022\/10\/\u30b5\u30ed\u30f3\u30b3\u30f3\u30bb\u30d7\u30c8.png 1900w\" sizes=\"auto, (max-width: 1024px) 100vw, 1024px\" \/><\/figure>\n\n\n<div class=\"wp-block-image\">\n<figure class=\"aligncenter size-large is-resized\"><img loading=\"lazy\" decoding=\"async\" src=\"https:\/\/www.aura-girasol.com\/wp-content\/uploads\/2022\/10\/\u6700\u65b0\u30d6\u30ed\u30b0\u30fb\u304a\u77e5\u3089\u305b-200-\u00d7-200-px-1900-\u00d7-500-px-1200-\u00d7-500-px-1024x427.png\" alt=\"\" class=\"wp-image-146\" width=\"1048\" height=\"437\" srcset=\"https:\/\/www.aura-girasol.com\/wp-content\/uploads\/2022\/10\/\u6700\u65b0\u30d6\u30ed\u30b0\u30fb\u304a\u77e5\u3089\u305b-200-\u00d7-200-px-1900-\u00d7-500-px-1200-\u00d7-500-px-1024x427.png 1024w, https:\/\/www.aura-girasol.com\/wp-content\/uploads\/2022\/10\/\u6700\u65b0\u30d6\u30ed\u30b0\u30fb\u304a\u77e5\u3089\u305b-200-\u00d7-200-px-1900-\u00d7-500-px-1200-\u00d7-500-px-300x125.png 300w, https:\/\/www.aura-girasol.com\/wp-content\/uploads\/2022\/10\/\u6700\u65b0\u30d6\u30ed\u30b0\u30fb\u304a\u77e5\u3089\u305b-200-\u00d7-200-px-1900-\u00d7-500-px-1200-\u00d7-500-px-768x320.png 768w, https:\/\/www.aura-girasol.com\/wp-content\/uploads\/2022\/10\/\u6700\u65b0\u30d6\u30ed\u30b0\u30fb\u304a\u77e5\u3089\u305b-200-\u00d7-200-px-1900-\u00d7-500-px-1200-\u00d7-500-px.png 1200w\" sizes=\"auto, (max-width: 1048px) 100vw, 1048px\" \/><\/figure>\n<\/div>\n\n\n<figure class=\"wp-block-image alignwide size-large\"><img loading=\"lazy\" decoding=\"async\" width=\"1024\" height=\"81\" src=\"https:\/\/www.aura-girasol.com\/wp-content\/uploads\/2022\/10\/\u30b5\u30ed\u30f3\u30b3\u30f3\u30bb\u30d7\u30c8-1900-\u00d7-150-px-1024x81.png\" alt=\"\" class=\"wp-image-154\" srcset=\"https:\/\/www.aura-girasol.com\/wp-content\/uploads\/2022\/10\/\u30b5\u30ed\u30f3\u30b3\u30f3\u30bb\u30d7\u30c8-1900-\u00d7-150-px-1024x81.png 1024w, https:\/\/www.aura-girasol.com\/wp-content\/uploads\/2022\/10\/\u30b5\u30ed\u30f3\u30b3\u30f3\u30bb\u30d7\u30c8-1900-\u00d7-150-px-300x24.png 300w, https:\/\/www.aura-girasol.com\/wp-content\/uploads\/2022\/10\/\u30b5\u30ed\u30f3\u30b3\u30f3\u30bb\u30d7\u30c8-1900-\u00d7-150-px-768x61.png 768w, https:\/\/www.aura-girasol.com\/wp-content\/uploads\/2022\/10\/\u30b5\u30ed\u30f3\u30b3\u30f3\u30bb\u30d7\u30c8-1900-\u00d7-150-px-1536x121.png 1536w, https:\/\/www.aura-girasol.com\/wp-content\/uploads\/2022\/10\/\u30b5\u30ed\u30f3\u30b3\u30f3\u30bb\u30d7\u30c8-1900-\u00d7-150-px.png 1900w\" sizes=\"auto, (max-width: 1024px) 100vw, 1024px\" \/><\/figure>\n\n\n<div class=\"wp-block-image\">\n<figure class=\"aligncenter size-large\"><img loading=\"lazy\" decoding=\"async\" width=\"1024\" height=\"329\" src=\"https:\/\/www.aura-girasol.com\/wp-content\/uploads\/2022\/10\/\u30bb\u30e9\u30d4\u30b9\u30c8\u60c5\u5831-2-1024x329.png\" alt=\"\" class=\"wp-image-196\" srcset=\"https:\/\/www.aura-girasol.com\/wp-content\/uploads\/2022\/10\/\u30bb\u30e9\u30d4\u30b9\u30c8\u60c5\u5831-2-1024x329.png 1024w, https:\/\/www.aura-girasol.com\/wp-content\/uploads\/2022\/10\/\u30bb\u30e9\u30d4\u30b9\u30c8\u60c5\u5831-2-300x96.png 300w, https:\/\/www.aura-girasol.com\/wp-content\/uploads\/2022\/10\/\u30bb\u30e9\u30d4\u30b9\u30c8\u60c5\u5831-2-768x247.png 768w, https:\/\/www.aura-girasol.com\/wp-content\/uploads\/2022\/10\/\u30bb\u30e9\u30d4\u30b9\u30c8\u60c5\u5831-2.png 1400w\" sizes=\"auto, (max-width: 1024px) 100vw, 1024px\" \/><\/figure>\n<\/div>\n\n<div class=\"wp-block-image\">\n<figure class=\"aligncenter size-large\"><img loading=\"lazy\" decoding=\"async\" width=\"1024\" height=\"768\" src=\"https:\/\/www.aura-girasol.com\/wp-content\/uploads\/2022\/10\/\u540d\u79f0\u672a\u8a2d\u5b9a-1600-\u00d7-1200-px-1024x768.png\" alt=\"\" class=\"wp-image-152\" srcset=\"https:\/\/www.aura-girasol.com\/wp-content\/uploads\/2022\/10\/\u540d\u79f0\u672a\u8a2d\u5b9a-1600-\u00d7-1200-px-1024x768.png 1024w, https:\/\/www.aura-girasol.com\/wp-content\/uploads\/2022\/10\/\u540d\u79f0\u672a\u8a2d\u5b9a-1600-\u00d7-1200-px-300x225.png 300w, https:\/\/www.aura-girasol.com\/wp-content\/uploads\/2022\/10\/\u540d\u79f0\u672a\u8a2d\u5b9a-1600-\u00d7-1200-px-768x576.png 768w, https:\/\/www.aura-girasol.com\/wp-content\/uploads\/2022\/10\/\u540d\u79f0\u672a\u8a2d\u5b9a-1600-\u00d7-1200-px-1536x1152.png 1536w, https:\/\/www.aura-girasol.com\/wp-content\/uploads\/2022\/10\/\u540d\u79f0\u672a\u8a2d\u5b9a-1600-\u00d7-1200-px.png 1600w\" sizes=\"auto, (max-width: 1024px) 100vw, 1024px\" \/><\/figure>\n<\/div>\n\n\n<div class=\"wp-block-group\"><div class=\"wp-block-group__inner-container is-layout-flow wp-block-group-is-layout-flow\">\n<figure class=\"wp-block-table is-style-vk-table-border-stripes\"><table class=\"has-black-color has-white-background-color has-text-color has-background\"><tbody><tr><td class=\"has-text-align-center\" data-align=\"center\"><span data-fontsize=\"15px\" style=\"font-size: 15px;\" class=\"vk_inline-font-size\">\u5e97\u540d<\/span><\/td><td class=\"has-text-align-center\" data-align=\"center\"><span data-fontsize=\"15px\" style=\"font-size: 15px;\" class=\"vk_inline-font-size\">AuraGirasol(\u30a2\u30a6\u30e9\u30d2\u30e9\u30bd\u30eb\uff09<br> \u81ea\u7531\u304c\u4e18\u5e97<\/span><\/td><\/tr><tr><td class=\"has-text-align-center\" data-align=\"center\"><span data-fontsize=\"15px\" style=\"font-size: 15px;\" class=\"vk_inline-font-size\">\u4f4f\u6240<\/span><\/td><td class=\"has-text-align-center\" data-align=\"center\"><span data-fontsize=\"15px\" style=\"font-size: 15px;\" class=\"vk_inline-font-size\">\u6771\u4eac\u90fd\u76ee\u9ed2\u533a\u81ea\u7531\u304c\u4e18\uff11-\uff13-\uff11\uff19<br>\u30eb\u30df\u30a8\u30fc\u30eb\u81ea\u7531\u304c\u4e18\uff10\uff10\uff16<\/span><\/td><\/tr><tr><td class=\"has-text-align-center\" data-align=\"center\"><span data-fontsize=\"15px\" style=\"font-size: 15px;\" class=\"vk_inline-font-size\">\u6700\u5bc4\u99c5<\/span><\/td><td class=\"has-text-align-center\" data-align=\"center\"><span data-fontsize=\"15px\" style=\"font-size: 15px;\" class=\"vk_inline-font-size\">\u6771\u6025\u6771\u6a2a\u7dda\u300c\u81ea\u7531\u304c\u4e18\u99c5\u300d<br>\u6771\u6025\u5927\u4e95\u753a\u7dda\u300c\u81ea\u7531\u304c\u4e18\u99c5\u300d<\/span><br><span data-fontsize=\"15px\" style=\"font-size: 15px;\" class=\"vk_inline-font-size\">\u203b\u81ea\u7531\u304c\u4e18\u99c5\u304b\u3089\u5f92\u6b694\u5206<\/span><\/td><\/tr><tr><td class=\"has-text-align-center\" data-align=\"center\"><span data-fontsize=\"15px\" style=\"font-size: 15px;\" class=\"vk_inline-font-size\">\u96fb\u8a71<br>\u756a\u53f7<\/span><\/td><td class=\"has-text-align-center\" data-align=\"center\"><span data-fontsize=\"16px\" style=\"font-size: 16px;\" class=\"vk_inline-font-size\">03-6875-2461<\/span><\/td><\/tr><tr><td class=\"has-text-align-center\" data-align=\"center\"><span data-fontsize=\"15px\" style=\"font-size: 15px;\" class=\"vk_inline-font-size\">\u55b6\u696d<br>\u6642\u9593<\/span><\/td><td class=\"has-text-align-center\" data-align=\"center\"><span data-fontsize=\"16px\" style=\"font-size: 16px;\" class=\"vk_inline-font-size\">10\uff1a00\uff5e22\uff1a00<\/span><\/td><\/tr><tr><td class=\"has-text-align-center\" data-align=\"center\"><span data-fontsize=\"15px\" style=\"font-size: 15px;\" class=\"vk_inline-font-size\">\u5b9a\u4f11\u65e5<\/span><\/td><td class=\"has-text-align-center\" data-align=\"center\"><span data-fontsize=\"15px\" style=\"font-size: 15px;\" class=\"vk_inline-font-size\">\u4e0d\u5b9a\u4f11<\/span><\/td><\/tr><tr><td class=\"has-text-align-center\" data-align=\"center\"><span data-fontsize=\"15px\" style=\"font-size: 15px;\" class=\"vk_inline-font-size\">\u652f\u6255<br>\u65b9\u6cd5<\/span><span data-fontsize=\"16px\" style=\"font-size: 16px;\" class=\"vk_inline-font-size\"><\/span><\/td><td class=\"has-text-align-center\" data-align=\"center\"><span data-fontsize=\"15px\" style=\"font-size: 15px;\" class=\"vk_inline-font-size\">\u73fe\u91d1\/VISA\uff0fMasterCard\uff0f<\/span><br class=\"vk_responsive-br vk_responsive-br-xs\"\/><span data-fontsize=\"15px\" style=\"font-size: 15px;\" class=\"vk_inline-font-size\">American Express&nbsp;<\/span><br><span data-fontsize=\"12px\" style=\"font-size: 12px;\" class=\"vk_inline-font-size\">\u203b\u30af\u30ec\u30b8\u30c3\u30c8\u30ab\u30fc\u30c9\u306e\u3054\u5229\u7528\u306e\u969b\u306f<br class=\"vk_responsive-br vk_responsive-br-xs\"\/>11,000\u5186\u4ee5\u4e0a\u306e\u304a\u4f1a\u8a08\u306e\u65b9\u306e\u307f<br class=\"vk_responsive-br vk_responsive-br-xs\"\/>\u3054\u5229\u7528\u3044\u305f\u3060\u3051\u307e\u3059<\/span>\u3002<\/td><\/tr><tr><td class=\"has-text-align-center\" data-align=\"center\"><span data-fontsize=\"15px\" style=\"font-size: 15px;\" class=\"vk_inline-font-size\">\u5099\u8003<\/span><\/td><td class=\"has-text-align-center\" data-align=\"center\"><span data-fontsize=\"15px\" style=\"font-size: 15px;\" class=\"vk_inline-font-size\">\u6700\u7d42\u53d7\u4ed820:00<br><\/span><span data-fontsize=\"12px\" style=\"font-size: 12px;\" class=\"vk_inline-font-size\">\u203b\u6642\u9593\u5916\u306f\u3054\u76f8\u8ac7\u304f\u3060\u3055\u3044\u307e\u305b\u3002<\/span><\/td><\/tr><\/tbody><\/table><\/figure>\n<\/div><\/div>\n\n\n\n<figure class=\"wp-block-image alignwide size-large\"><img loading=\"lazy\" decoding=\"async\" width=\"1024\" height=\"81\" src=\"https:\/\/www.aura-girasol.com\/wp-content\/uploads\/2022\/10\/\u30a2\u30af\u30bb\u30b9-1-1024x81.png\" alt=\"\" class=\"wp-image-198\" srcset=\"https:\/\/www.aura-girasol.com\/wp-content\/uploads\/2022\/10\/\u30a2\u30af\u30bb\u30b9-1-1024x81.png 1024w, https:\/\/www.aura-girasol.com\/wp-content\/uploads\/2022\/10\/\u30a2\u30af\u30bb\u30b9-1-300x24.png 300w, https:\/\/www.aura-girasol.com\/wp-content\/uploads\/2022\/10\/\u30a2\u30af\u30bb\u30b9-1-768x61.png 768w, https:\/\/www.aura-girasol.com\/wp-content\/uploads\/2022\/10\/\u30a2\u30af\u30bb\u30b9-1-1536x121.png 1536w, https:\/\/www.aura-girasol.com\/wp-content\/uploads\/2022\/10\/\u30a2\u30af\u30bb\u30b9-1.png 1900w\" sizes=\"auto, (max-width: 1024px) 100vw, 1024px\" \/><\/figure>\n\n\n<div class=\"wp-block-image\">\n<figure class=\"aligncenter size-large is-resized\"><img loading=\"lazy\" decoding=\"async\" src=\"https:\/\/www.aura-girasol.com\/wp-content\/uploads\/2022\/10\/\u30b3\u30fc\u30b9\u30e1\u30cb\u30e5\u30fc-1900-\u00d7-3800-px-1900-\u00d7-4200-px-1900-\u00d7-4400-px-1-442x1024.png\" alt=\"\" class=\"wp-image-204\" width=\"956\" height=\"2215\" srcset=\"https:\/\/www.aura-girasol.com\/wp-content\/uploads\/2022\/10\/\u30b3\u30fc\u30b9\u30e1\u30cb\u30e5\u30fc-1900-\u00d7-3800-px-1900-\u00d7-4200-px-1900-\u00d7-4400-px-1-442x1024.png 442w, https:\/\/www.aura-girasol.com\/wp-content\/uploads\/2022\/10\/\u30b3\u30fc\u30b9\u30e1\u30cb\u30e5\u30fc-1900-\u00d7-3800-px-1900-\u00d7-4200-px-1900-\u00d7-4400-px-1-130x300.png 130w, https:\/\/www.aura-girasol.com\/wp-content\/uploads\/2022\/10\/\u30b3\u30fc\u30b9\u30e1\u30cb\u30e5\u30fc-1900-\u00d7-3800-px-1900-\u00d7-4200-px-1900-\u00d7-4400-px-1-768x1779.png 768w, https:\/\/www.aura-girasol.com\/wp-content\/uploads\/2022\/10\/\u30b3\u30fc\u30b9\u30e1\u30cb\u30e5\u30fc-1900-\u00d7-3800-px-1900-\u00d7-4200-px-1900-\u00d7-4400-px-1-663x1536.png 663w, https:\/\/www.aura-girasol.com\/wp-content\/uploads\/2022\/10\/\u30b3\u30fc\u30b9\u30e1\u30cb\u30e5\u30fc-1900-\u00d7-3800-px-1900-\u00d7-4200-px-1900-\u00d7-4400-px-1-884x2048.png 884w, https:\/\/www.aura-girasol.com\/wp-content\/uploads\/2022\/10\/\u30b3\u30fc\u30b9\u30e1\u30cb\u30e5\u30fc-1900-\u00d7-3800-px-1900-\u00d7-4200-px-1900-\u00d7-4400-px-1.png 1900w\" sizes=\"auto, (max-width: 956px) 100vw, 956px\" \/><\/figure>\n<\/div>\n\n\n<figure class=\"wp-block-image alignwide size-large\"><img loading=\"lazy\" decoding=\"async\" width=\"1024\" height=\"81\" src=\"https:\/\/www.aura-girasol.com\/wp-content\/uploads\/2022\/10\/\u30a2\u30af\u30bb\u30b9-1024x81.png\" alt=\"\" class=\"wp-image-187\" srcset=\"https:\/\/www.aura-girasol.com\/wp-content\/uploads\/2022\/10\/\u30a2\u30af\u30bb\u30b9-1024x81.png 1024w, https:\/\/www.aura-girasol.com\/wp-content\/uploads\/2022\/10\/\u30a2\u30af\u30bb\u30b9-300x24.png 300w, https:\/\/www.aura-girasol.com\/wp-content\/uploads\/2022\/10\/\u30a2\u30af\u30bb\u30b9-768x61.png 768w, https:\/\/www.aura-girasol.com\/wp-content\/uploads\/2022\/10\/\u30a2\u30af\u30bb\u30b9-1536x121.png 1536w, https:\/\/www.aura-girasol.com\/wp-content\/uploads\/2022\/10\/\u30a2\u30af\u30bb\u30b9.png 1900w\" sizes=\"auto, (max-width: 1024px) 100vw, 1024px\" \/><\/figure>\n\n\n\n<iframe src=\"https:\/\/www.google.com\/maps\/embed?pb=!1m18!1m12!1m3!1d1621.8890736139672!2d139.66910614945945!3d35.60853873112606!2m3!1f0!2f0!3f0!3m2!1i1024!2i768!4f13.1!3m3!1m2!1s0x6018f51f872692b5%3A0x56dbf0105001472a!2z44CSMTUyLTAwMzUg5p2x5Lqs6YO955uu6buS5Yy66Ieq55Sx44GM5LiY77yR5LiB55uu77yT4oiS77yR77yZ!5e0!3m2!1sja!2sjp!4v1666684725589!5m2!1sja!2sjp\" width=\"100%\" height=\"450\" style=\"border:0;\" allowfullscreen=\"\" loading=\"lazy\" referrerpolicy=\"no-referrer-when-downgrade\"><\/iframe>\n","protected":false},"excerpt":{"rendered":"<p>\u5e97\u540d AuraGirasol(\u30a2\u30a6\u30e9\u30d2\u30e9\u30bd\u30eb\uff09 \u81ea\u7531\u304c\u4e18\u5e97 \u4f4f\u6240 \u6771\u4eac\u90fd\u76ee\u9ed2\u533a\u81ea\u7531\u304c\u4e18\uff11-\uff13-\uff11\uff19\u30eb\u30df\u30a8\u30fc\u30eb\u81ea\u7531\u304c\u4e18\uff10\uff10\uff16 \u6700\u5bc4\u99c5 \u6771\u6025\u6771\u6a2a\u7dda\u300c\u81ea\u7531\u304c\u4e18\u99c5\u300d\u6771\u6025\u5927\u4e95\u753a\u7dda\u300c\u81ea\u7531\u304c\u4e18\u99c5\u300d\u203b\u81ea\u7531\u304c\u4e18\u99c5\u304b\u3089\u5f92\u6b694\u5206 \u96fb\u8a71\u756a\u53f7 0 [&hellip;]<\/p>\n","protected":false},"author":1,"featured_media":0,"parent":0,"menu_order":0,"comment_status":"closed","ping_status":"closed","template":"","meta":{"vkexunit_cta_each_option":"","footnotes":""},"class_list":["post-33","page","type-page","status-publish","hentry"],"jetpack_sharing_enabled":true,"_links":{"self":[{"href":"https:\/\/www.aura-girasol.com\/index.php?rest_route=\/wp\/v2\/pages\/33","targetHints":{"allow":["GET"]}}],"collection":[{"href":"https:\/\/www.aura-girasol.com\/index.php?rest_route=\/wp\/v2\/pages"}],"about":[{"href":"https:\/\/www.aura-girasol.com\/index.php?rest_route=\/wp\/v2\/types\/page"}],"author":[{"embeddable":true,"href":"https:\/\/www.aura-girasol.com\/index.php?rest_route=\/wp\/v2\/users\/1"}],"replies":[{"embeddable":true,"href":"https:\/\/www.aura-girasol.com\/index.php?rest_route=%2Fwp%2Fv2%2Fcomments&post=33"}],"version-history":[{"count":103,"href":"https:\/\/www.aura-girasol.com\/index.php?rest_route=\/wp\/v2\/pages\/33\/revisions"}],"predecessor-version":[{"id":218,"href":"https:\/\/www.aura-girasol.com\/index.php?rest_route=\/wp\/v2\/pages\/33\/revisions\/218"}],"wp:attachment":[{"href":"https:\/\/www.aura-girasol.com\/index.php?rest_route=%2Fwp%2Fv2%2Fmedia&parent=33"}],"curies":[{"name":"wp","href":"https:\/\/api.w.org\/{rel}","templated":true}]}}